{"id":1251,"date":"2023-12-07T01:03:33","date_gmt":"2023-12-07T01:03:33","guid":{"rendered":"https:\/\/hampel-container-service.de\/?page_id=1251"},"modified":"2025-07-04T19:04:31","modified_gmt":"2025-07-04T19:04:31","slug":"hampel-contaier-service-bremen","status":"publish","type":"page","link":"https:\/\/hampel-container-service.de\/","title":{"rendered":"Container Service"},"content":{"rendered":"<div id=\"pg-1251-0\"  class=\"panel-grid\" ><div class=\"panel-grid-core\"><div id=\"pgc-1251-0-0\"  class=\"panel-grid-cell  \" ><div class=\"panel-widget-style\" style=\"background: url(&quot;false&quot;) !important; background-position: left top !important; background-repeat: repeat !important; background-size: auto !important; background-attachment: scroll !important; text-align: center !important;\" ><h2 style=\"font-style: normal;\"><span>Service Leistungen<\/span><\/h2><\/div><div class=\"panel-widget-style\" style=\"background: url(&quot;false&quot;) !important; background-position: left top !important; background-repeat: repeat !important; background-size: auto !important; background-attachment: scroll !important; text-align: center !important;\" >\t\t\t<div class=\"textwidget\"><p><strong>Wir bieten Ihnen neue und gebrauchte Container aller Art und Gr\u00f6\u00dfen, wie z.B. B\u00fcrocontainer, Wohncontainer, Spezialcontainer und Sondercontainer nach Ihren W\u00fcnschen an. Selbstverst\u00e4ndlich auch Standard Seecontainer in allen Gr\u00f6\u00dfen, Ausf\u00fchrungen und in allen Preislagen. Viele Container haben wir auf Lager. Ein schneller Umbau und \u00dcberholung nach Ihren Vorgaben kann schnell umgesetzt werden. Angefangen von der Neulackierung und Ausbesserungen bis zu vollst\u00e4ndigen Umbau Arbeiten und Instandsetzungen bieten wir Ihnen alles an. Eine schnelle Realisierung Ihrer W\u00fcnsche ist kein Problem. Ansonsten beschaffen wir auch neue und gebrauchte Container so wie Sie ben\u00f6tigt werden. Container m\u00fcssen nicht teuer sein. Rufen Sie uns f\u00fcr ein Angebot an. Der Containerservice vom Profi. Containerservice mit \u00fcber 40 Jahren Erfahrung&#8230; Wartung, Umbau + Reparatur vom Fachmann.<br \/>\n<\/strong><\/p>\n<\/div>\n\t\t<\/div><\/div><\/div><\/div><div id=\"pg-1251-1\"  class=\"panel-grid\" ><div class=\"panel-grid-core\"><div id=\"pgc-1251-1-0\"  class=\"panel-grid-cell  \" ><div class=\"panel-widget-style\" ><div class=\"margin20\"><\/div><\/div><div class=\"panel-widget-style\" style=\"background: url(&quot;false&quot;) !important; background-position: left top !important; background-repeat: repeat !important; background-size: auto !important; background-attachment: scroll !important; text-align: center !important;\" ><h4 style=\"font-style: normal;\"><span>Verkauf<\/span><\/h4><\/div><div class=\"panel-widget-style\" style=\"background: url(&quot;false&quot;) !important; background-position: left top !important; background-repeat: repeat !important; background-size: auto !important; background-attachment: scroll !important; text-align: center !important;\" >\t\t\t<div class=\"textwidget\"><p><strong>Wir verkaufen alle Arten von neuen oder gebrauchten Containern, au\u00dferdem bauen wir Ihnen individuelle Container nach Ihren W\u00fcnschen und Pl\u00e4nen.<\/strong><\/p>\n<p><strong>Seecontainer<\/strong><br \/>\n<strong>Lagercontainer<\/strong><br \/>\n<strong>Materialcontainer<\/strong><br \/>\n<strong>Hard Top und Open Top Container<\/strong><br \/>\n<strong>Container mit Seitent\u00fcren bzw. Seiten\u00f6ffnung<\/strong><br \/>\n<strong>Wohn- und B\u00fcrocontainer<\/strong><br \/>\n<strong>Sanit\u00e4rcontainer<\/strong><br \/>\n<strong>K\u00fchlcontainer<\/strong><br \/>\n<strong>Isoliercontainer<\/strong><br \/>\n<strong>Reifencontainer<\/strong><br \/>\n<strong>Flats und Platforms<\/strong><\/p>\n<\/div>\n\t\t<\/div><div class=\"panel-widget-style\" ><div class=\"margin10\"><\/div><\/div><div class=\"panel-widget-style\" style=\"background: url(&quot;false&quot;) !important; background-position: left top !important; background-repeat: repeat !important; background-size: auto !important; background-attachment: scroll !important; text-align: center !important;\" ><h4 style=\"font-style: normal;\"><span>Vermietung<\/span><\/h4><\/div><div class=\"panel-widget-style\" style=\"background: url(&quot;false&quot;) !important; background-position: left top !important; background-repeat: repeat !important; background-size: auto !important; background-attachment: scroll !important; text-align: center !important;\" >\t\t\t<div class=\"textwidget\"><h4><strong>\u00a0<\/strong><strong>Sie k\u00f6nnen auch fast alle oben genannten Containerarten bei uns mieten.<\/strong><\/h4>\n<\/div>\n\t\t<\/div><div class=\"panel-widget-style\" ><div class=\"margin10\"><\/div><\/div><div class=\"panel-widget-style\" style=\"background: url(&quot;false&quot;) !important; background-position: left top !important; background-repeat: repeat !important; background-size: auto !important; background-attachment: scroll !important; text-align: center !important;\" ><h4 style=\"font-style: normal;\"><span>Ankauf<\/span><\/h4><\/div><div class=\"panel-widget-style\" style=\"text-align: center !important;\" >\t\t\t<div class=\"textwidget\"><p><strong>Wir kaufen alle Arten von Container zu fairen Preisen und k\u00fcmmern uns<\/strong><br \/>\n<strong>auch gern um Abholung und Transport.<\/strong><\/p>\n<\/div>\n\t\t<\/div><div class=\"panel-widget-style\" ><div class=\"margin10\"><\/div><\/div><div class=\"panel-widget-style\" style=\"background: url(&quot;false&quot;) !important; background-position: left top !important; background-repeat: repeat !important; background-size: auto !important; background-attachment: scroll !important; text-align: center !important;\" ><h4 style=\"font-style: normal;\"><span>Dienstleistungen<\/span><\/h4><\/div><div class=\"panel-widget-style\" style=\"background: url(&quot;false&quot;) !important; background-position: left top !important; background-repeat: repeat !important; background-size: auto !important; background-attachment: scroll !important; text-align: center !important;\" >\t\t\t<div class=\"textwidget\"><p><strong>Schwei\u00dfarbeiten an N\u00e4hten, B\u00f6den und W\u00e4nden<\/strong><br \/>\n<strong>Richt- und Reparaturarbeiten<\/strong><br \/>\n<strong>Umbau und Spezialanfertigungen<\/strong><\/p>\n<\/div>\n\t\t<\/div><\/div><\/div><\/div>","protected":false},"excerpt":{"rendered":"<p>Wir bieten Ihnen neue und gebrauchte Container aller Art und Gr\u00f6\u00dfen, wie z.B. B\u00fcrocontainer, Wohncontainer, Spezialcontainer und Sondercontainer nach Ihren W\u00fcnschen an. Selbstverst\u00e4ndlich auch Standard Seecontainer in allen Gr\u00f6\u00dfen, Ausf\u00fchrungen und in allen Preislagen. Viele Container haben wir auf Lager. Ein schneller Umbau und \u00dcberholung nach Ihren Vorgaben kann schnell umgesetzt werden. Angefangen von der<span class=\"post-excerpt-end\">&hellip;<\/span><\/p>\n<p class=\"more-link\"><a href=\"https:\/\/hampel-container-service.de\/\" class=\"themebutton\">Read More<\/a><\/p>\n","protected":false},"author":1,"featured_media":0,"parent":0,"menu_order":0,"comment_status":"closed","ping_status":"closed","template":"template-parallax.php","meta":{"footnotes":""},"categories":[],"tags":[],"class_list":["post-1251","page","type-page","status-publish","hentry"],"_links":{"self":[{"href":"https:\/\/hampel-container-service.de\/index.php\/wp-json\/wp\/v2\/pages\/1251","targetHints":{"allow":["GET"]}}],"collection":[{"href":"https:\/\/hampel-container-service.de\/index.php\/wp-json\/wp\/v2\/pages"}],"about":[{"href":"https:\/\/hampel-container-service.de\/index.php\/wp-json\/wp\/v2\/types\/page"}],"author":[{"embeddable":true,"href":"https:\/\/hampel-container-service.de\/index.php\/wp-json\/wp\/v2\/users\/1"}],"replies":[{"embeddable":true,"href":"https:\/\/hampel-container-service.de\/index.php\/wp-json\/wp\/v2\/comments?post=1251"}],"version-history":[{"count":5,"href":"https:\/\/hampel-container-service.de\/index.php\/wp-json\/wp\/v2\/pages\/1251\/revisions"}],"predecessor-version":[{"id":1351,"href":"https:\/\/hampel-container-service.de\/index.php\/wp-json\/wp\/v2\/pages\/1251\/revisions\/1351"}],"wp:attachment":[{"href":"https:\/\/hampel-container-service.de\/index.php\/wp-json\/wp\/v2\/media?parent=1251"}],"wp:term":[{"taxonomy":"category","embeddable":true,"href":"https:\/\/hampel-container-service.de\/index.php\/wp-json\/wp\/v2\/categories?post=1251"},{"taxonomy":"post_tag","embeddable":true,"href":"https:\/\/hampel-container-service.de\/index.php\/wp-json\/wp\/v2\/tags?post=1251"}],"curies":[{"name":"wp","href":"https:\/\/api.w.org\/{rel}","templated":true}]}}